{"id":4496,"date":"2023-07-05T10:26:23","date_gmt":"2023-07-05T10:26:23","guid":{"rendered":"https:\/\/www.lillahuset.com\/?page_id=4496"},"modified":"2025-02-05T09:55:25","modified_gmt":"2025-02-05T07:55:25","slug":"susannes-artificially-produced-lamb","status":"publish","type":"page","link":"https:\/\/www.lillahuset.com\/en\/susannes-narproducerade-lamm\/","title":{"rendered":"Susannes N\u00e4rproducerade Lamm"},"content":{"rendered":"<div class=\"gb-container gb-container-5deb5034\">\n<div class=\"gb-container gb-container-1745ed13\">\n<div class=\"gb-grid-wrapper gb-grid-wrapper-e1dc665b\">\n<div class=\"gb-grid-column gb-grid-column-15509c86\"><div class=\"gb-container gb-container-15509c86\"><div class=\"gb-inside-container\">\n\n<h2 class=\"gb-headline gb-headline-39e25962 gb-headline-text\">Locally produced lamb and veal<\/h2>\n\n\n\n<p>For me, the most important thing is that the animals have a good life here on the farm. They are born here in paradise and should not have to be exposed to stress at the end either. That&#039;s why I distance myself from large slaughterhouses and prefer to drive them by horse-drawn carriage to a local slaughterhouse that I trust and know that everything goes smoothly. They are slaughtered the same morning I arrive with the animals and do not mix with other herds but remain in their small group. A week later I pick up the meat. Then it is cut, vacuum packed and labelled.   <\/p>\n\n\n\n<p>Veal is anatomically cut with a mixture of different cuts, such as sirloin, rib-eye, inner thighs and mince. The meat is boneless except for the veal loin, which is the main ingredient in the classic dish osso buco. The veal boxes weigh between 15-20 kg and cost SEK 229\/kg including home delivery within 50 km of Ljungby. At the moment there are no whole veal boxes to buy but individual parts are available in the freezer! <\/p>\n\n\n\n<p><\/p>\n\n\n\n<p>The next time it will be possible to order lamb meat will be in the autumn of 2025 and how you want the lamb cut up is up to you. There are different options but the most common is to make chops of the whole back or 1\/2 saddle and racks. The price is SEK 188, - \/ kg and here it is the slaughter weight that counts. A lamb usually weighs approx. 16-25 kg. Right now there are no whole lamb boxes to buy but individual parts are available in the freezer!<\/p>\n\n\n\n<p><\/p>\n\n\n\n<p><\/p>\n\n<\/div><\/div><\/div>\n\n<div class=\"gb-grid-column gb-grid-column-e9732a3e\"><div class=\"gb-container gb-container-e9732a3e\"><div class=\"gb-inside-container\">\n\n<figure class=\"wp-block-image size-full photo-shadow img\"><img loading=\"lazy\" decoding=\"async\" width=\"600\" height=\"450\" src=\"https:\/\/www.lillahuset.com\/wp-content\/uploads\/2023\/07\/Lamm-edited.webp\" alt=\"\" class=\"wp-image-4502\" srcset=\"https:\/\/www.lillahuset.com\/wp-content\/uploads\/2023\/07\/Lamm-edited.webp 600w, https:\/\/www.lillahuset.com\/wp-content\/uploads\/2023\/07\/Lamm-edited-300x225.webp 300w\" sizes=\"auto, (max-width: 600px) 100vw, 600px\" \/><\/figure>\n\n<\/div><\/div><\/div>\n<\/div>\n<\/div>\n<\/div>\n\n<div class=\"gb-container gb-container-d34d9402\">\n<div class=\"gb-container gb-container-b14d44cc\">\n<div class=\"gb-grid-wrapper gb-grid-wrapper-e28cb10a\">\n<div class=\"gb-grid-column gb-grid-column-cee09b95\"><div class=\"gb-container gb-container-cee09b95\"><div class=\"gb-inside-container\">\n\n<figure class=\"wp-block-image size-full photo-shadow img\"><img loading=\"lazy\" decoding=\"async\" width=\"600\" height=\"800\" src=\"https:\/\/www.lillahuset.com\/wp-content\/uploads\/2023\/07\/Susannes-Narproducerade-Lamm.webp\" alt=\"\" class=\"wp-image-4500\" srcset=\"https:\/\/www.lillahuset.com\/wp-content\/uploads\/2023\/07\/Susannes-Narproducerade-Lamm.webp 600w, https:\/\/www.lillahuset.com\/wp-content\/uploads\/2023\/07\/Susannes-Narproducerade-Lamm-225x300.webp 225w\" sizes=\"auto, (max-width: 600px) 100vw, 600px\" \/><\/figure>\n\n<\/div><\/div><\/div>\n\n<div class=\"gb-grid-column gb-grid-column-48af07dd\"><div class=\"gb-container gb-container-48af07dd\"><div class=\"gb-inside-container\">\n\n<h3 class=\"gb-headline gb-headline-bdf9b07e gb-headline-text\">Lambskin from my Gotland sheep <\/h3>\n\n\n<div class=\"gb-container gb-container-69a375d9\">\n\n<p class=\"gb-headline gb-headline-f79a36fc gb-headline-text\">A lamb or sheepskin costs between 1800 - 2500 kr. depending on the cover and size. I sell at for example. H\u00f6rda Christmas Market, Lagan Day in September every year and at Lingonrundan.  <\/p>\n\n<\/div>\n\n\n<h4 class=\"gb-headline gb-headline-3688f97b gb-headline-text\">Preparation of the lambskin<\/h4>\n\n\n\n<p class=\"gb-headline gb-headline-d7867883 gb-headline-text\">I salt the skins after slaughter and then drive them to Tran\u00e5s, where they are prepared in Tran\u00e5s&#039; skin preparation plant. For me, it is important that they are prepared in Sweden, even if the preparation itself is more expensive. The process itself usually takes quite a long time, so I usually try to be a year ahead. The skins are washable. It&#039;s nice to always have a small supply of lambskin, in case someone comes by the farm and wants to buy a skin. <\/p>\n\n\n\n<p class=\"gb-headline gb-headline-cee16206 gb-headline-text\">If you want me to post pictures of the different skins, that&#039;s fine and you can pay via swish and I can also deliver the skin if it&#039;s not too far away. <\/p>\n\n\n\n<h4 class=\"gb-headline gb-headline-7e6cd2b4 gb-headline-text\">Upcoming markets: <\/h4>\n\n\n\n<p class=\"gb-headline gb-headline-883f8824 gb-headline-text\">Heard Christmas Market December 2025<\/p>\n\n\n\n<p class=\"gb-headline gb-headline-099caeec gb-headline-text\"> <br><\/p>\n\n<\/div><\/div><\/div>\n<\/div>\n<\/div>\n<\/div>\n\n<div class=\"gb-container gb-container-6233f2c0\">\n<div class=\"gb-grid-wrapper gb-grid-wrapper-eae23830\">\n<div class=\"gb-grid-column gb-grid-column-c9fb2356\"><div class=\"gb-container gb-container-c9fb2356\"><div class=\"gb-inside-container\">\n\n<h2 class=\"gb-headline gb-headline-688edddf gb-headline-text\">Lamb skin and lamb meat from locally produced animals<\/h2>\n\n\n\n<p> For the preparation of the skins, I hire Tran\u00e5s Skinnberederi because of their long experience and solid knowledge. Leather preparation and tanning require skill, care and feeling for the material and I think they show that they have. <\/p>\n\n\n\n<p>When slaughtering, I hire Sjunkar\u00f6d Sk\u00e5nska K\u00f6tt &amp; Vilt because I trust them and the customers are satisfied with the meat and having it delivered vacuum-packed and labeled. Sunkar\u00f6d makes high demands on ethics and quality in everything from handling the animals to the finished product. A good breeding of the animals, calm and dignified handling and a stress-free slaughter are important points, thus a natural choice for you who are aware. <\/p>\n\n<\/div><\/div><\/div>\n\n<div class=\"gb-grid-column gb-grid-column-04d54b21\"><div class=\"gb-container gb-container-04d54b21\"><div class=\"gb-inside-container\">\n\n<figure class=\"wp-block-image size-full photo-shadow img\"><img loading=\"lazy\" decoding=\"async\" width=\"600\" height=\"450\" src=\"https:\/\/www.lillahuset.com\/wp-content\/uploads\/2023\/07\/Lammkott-edited.webp\" alt=\"\" class=\"wp-image-4506\" srcset=\"https:\/\/www.lillahuset.com\/wp-content\/uploads\/2023\/07\/Lammkott-edited.webp 600w, https:\/\/www.lillahuset.com\/wp-content\/uploads\/2023\/07\/Lammkott-edited-300x225.webp 300w\" sizes=\"auto, (max-width: 600px) 100vw, 600px\" \/><\/figure>\n\n<\/div><\/div><\/div>\n<\/div>\n<\/div>\n\n\n<div style=\"height:100px\" aria-hidden=\"true\" class=\"wp-block-spacer\"><\/div>\n\n\n<div class=\"gb-container gb-container-fd1ede25\">\n<div class=\"gb-container gb-container-9ae9208e\">\n\n<figure class=\"wp-block-gallery has-nested-images columns-default is-cropped wp-block-gallery-1 is-layout-flex wp-block-gallery-is-layout-flex\">\n<figure class=\"wp-block-image size-large\"><img loading=\"lazy\" decoding=\"async\" width=\"768\" height=\"1024\" data-id=\"4535\" src=\"https:\/\/www.lillahuset.com\/wp-content\/uploads\/2023\/07\/susannes-narproducerade-lamm-skinn4-768x1024.webp\" alt=\"\" class=\"wp-image-4535\" srcset=\"https:\/\/www.lillahuset.com\/wp-content\/uploads\/2023\/07\/susannes-narproducerade-lamm-skinn4-768x1024.webp 768w, https:\/\/www.lillahuset.com\/wp-content\/uploads\/2023\/07\/susannes-narproducerade-lamm-skinn4-225x300.webp 225w, https:\/\/www.lillahuset.com\/wp-content\/uploads\/2023\/07\/susannes-narproducerade-lamm-skinn4-1152x1536.webp 1152w, https:\/\/www.lillahuset.com\/wp-content\/uploads\/2023\/07\/susannes-narproducerade-lamm-skinn4-600x800.webp 600w, https:\/\/www.lillahuset.com\/wp-content\/uploads\/2023\/07\/susannes-narproducerade-lamm-skinn4.webp 1512w\" sizes=\"auto, (max-width: 768px) 100vw, 768px\" \/><\/figure>\n\n\n\n<figure class=\"wp-block-image size-large\"><img loading=\"lazy\" decoding=\"async\" width=\"540\" height=\"675\" data-id=\"4520\" src=\"https:\/\/www.lillahuset.com\/wp-content\/uploads\/2023\/07\/far.webp\" alt=\"\" class=\"wp-image-4520\" srcset=\"https:\/\/www.lillahuset.com\/wp-content\/uploads\/2023\/07\/far.webp 540w, https:\/\/www.lillahuset.com\/wp-content\/uploads\/2023\/07\/far-240x300.webp 240w\" sizes=\"auto, (max-width: 540px) 100vw, 540px\" \/><\/figure>\n\n\n\n<figure class=\"wp-block-image size-large\"><img loading=\"lazy\" decoding=\"async\" width=\"769\" height=\"1024\" data-id=\"4564\" src=\"https:\/\/www.lillahuset.com\/wp-content\/uploads\/2023\/07\/ko2-769x1024.webp\" alt=\"\" class=\"wp-image-4564\" srcset=\"https:\/\/www.lillahuset.com\/wp-content\/uploads\/2023\/07\/ko2-769x1024.webp 769w, https:\/\/www.lillahuset.com\/wp-content\/uploads\/2023\/07\/ko2-225x300.webp 225w, https:\/\/www.lillahuset.com\/wp-content\/uploads\/2023\/07\/ko2-768x1022.webp 768w, https:\/\/www.lillahuset.com\/wp-content\/uploads\/2023\/07\/ko2-1154x1536.webp 1154w, https:\/\/www.lillahuset.com\/wp-content\/uploads\/2023\/07\/ko2-600x799.webp 600w, https:\/\/www.lillahuset.com\/wp-content\/uploads\/2023\/07\/ko2.webp 1160w\" sizes=\"auto, (max-width: 769px) 100vw, 769px\" \/><\/figure>\n<\/figure>\n\n<\/div>\n<\/div>\n\n<div class=\"gb-container gb-container-08d7c84b\"><\/div>","protected":false},"excerpt":{"rendered":"","protected":false},"author":1,"featured_media":0,"parent":0,"menu_order":0,"comment_status":"closed","ping_status":"closed","template":"","meta":{"_glsr_average":0,"_glsr_ranking":0,"_glsr_reviews":0,"footnotes":""},"class_list":["post-4496","page","type-page","status-publish"],"_links":{"self":[{"href":"https:\/\/www.lillahuset.com\/en\/wp-json\/wp\/v2\/pages\/4496","targetHints":{"allow":["GET"]}}],"collection":[{"href":"https:\/\/www.lillahuset.com\/en\/wp-json\/wp\/v2\/pages"}],"about":[{"href":"https:\/\/www.lillahuset.com\/en\/wp-json\/wp\/v2\/types\/page"}],"author":[{"embeddable":true,"href":"https:\/\/www.lillahuset.com\/en\/wp-json\/wp\/v2\/users\/1"}],"replies":[{"embeddable":true,"href":"https:\/\/www.lillahuset.com\/en\/wp-json\/wp\/v2\/comments?post=4496"}],"version-history":[{"count":1,"href":"https:\/\/www.lillahuset.com\/en\/wp-json\/wp\/v2\/pages\/4496\/revisions"}],"predecessor-version":[{"id":6397,"href":"https:\/\/www.lillahuset.com\/en\/wp-json\/wp\/v2\/pages\/4496\/revisions\/6397"}],"wp:attachment":[{"href":"https:\/\/www.lillahuset.com\/en\/wp-json\/wp\/v2\/media?parent=4496"}],"curies":[{"name":"wp","href":"https:\/\/api.w.org\/{rel}","templated":true}]}}