{"id":5402,"date":"2024-02-13T18:54:59","date_gmt":"2024-02-13T16:54:59","guid":{"rendered":"https:\/\/www.lillahuset.com\/?page_id=5402"},"modified":"2024-02-19T07:50:28","modified_gmt":"2024-02-19T05:50:28","slug":"mietbedingungen-2","status":"publish","type":"page","link":"https:\/\/www.lillahuset.com\/de\/hyresvillkor\/","title":{"rendered":"Mietbedingungen"},"content":{"rendered":"<h2 class=\"gb-headline gb-headline-95e77f5c gb-headline-text\"><strong>MIETBEDINGUNGEN<\/strong>&nbsp;&nbsp;&nbsp;&nbsp;&nbsp;&nbsp;&nbsp;&nbsp;&nbsp;&nbsp;&nbsp;&nbsp;&nbsp;&nbsp;&nbsp;&nbsp;&nbsp;&nbsp;&nbsp;&nbsp;&nbsp;&nbsp;&nbsp; <strong><br><\/strong><\/h2>\n\n\n\n<h5 class=\"gb-headline gb-headline-9abbab04 gb-headline-text\"><strong>1.<\/strong> <strong>EINF\u00dcHRUNG<\/strong><\/h5>\n\n\n\n<p>Lilla Huset i Sm\u00e5land, Susanne Pilarp, H\u00f6rda 54, SE-34152 Lagan ist nur ein Vertragsvermittler zwischen dem Vermieter und dem Mieter. Die Verantwortung beschr\u00e4nkt sich auf die Vermittlungst\u00e4tigkeit. Sie m\u00fcssen mindestens 18 Jahre alt sein, um eine Reservierung vorzunehmen.<\/p>\n\n\n\n<h5 class=\"gb-headline gb-headline-fd811173 gb-headline-text\"><strong>2.<\/strong> <strong>MIETZEITRAUM<\/strong><\/h5>\n\n\n\n<p>Vor Ihrer Anreise erhalten Sie Informationen zur Schl\u00fcssel\u00fcbergabe. Die Anreise kann fr\u00fchestens erfolgen ab 16.00 Uhr am Anreisetag und sp\u00e4testens 10.00 Uhr am Abreisetag.<\/p>\n\n\n\n<h5 class=\"gb-headline gb-headline-548880a6 gb-headline-text\"><strong>3.<\/strong> <strong>DAS FERIENHAUS<\/strong><\/h5>\n\n\n<div class=\"gb-container gb-container-27880bba\">\n\n<h6 class=\"gb-headline gb-headline-8e8d1375 gb-headline-text\"><strong>3.1.<\/strong> <strong>Nutzung des Ferienhauses<\/strong><\/h6>\n\n<\/div>\n\n\n<p>Sofern mit uns nichts anderes vereinbart wurde, darf das Ferienhaus ausschlie\u00dflich f\u00fcr Ferienzwecke genutzt werden. Wenn wir oder der Vermieter den Verdacht haben, dass Handlungen begangen werden, die gegen geltendes Recht, unsere Richtlinien, die \u00f6ffentliche Ordnung oder die guten Sitten versto\u00dfen, haben wir und\/oder der Vermieter das Recht, uns Zutritt zum Ferienhaus zu verschaffen. Sollte sich der Verdacht best\u00e4tigen, haben wir das Recht, den Vertrag zu k\u00fcndigen und die betreffende(n) Person(en) mit sofortiger Wirkung und ohne R\u00fcckerstattung der Miete aus dem Ferienhaus zu verweisen.<\/p>\n\n\n\n<h6 class=\"gb-headline gb-headline-78a3a749 gb-headline-text\"><strong>3.2. Kaution<\/strong><\/h6>\n\n\n\n<p>Oft verlangt der Hausbesitzer bei der Ankunft eine Kaution. Die H\u00f6he kann variieren und ist im Mietvertrag angegeben. Die Kaution wird zur\u00fcckerstattet, sofern das Ferienhaus sauber und unbesch\u00e4digt hinterlassen wird. Wir setzen voraus, dass Sie \u00fcber eine eigene Haftpflichtversicherung verf\u00fcgen, die einen Rechtsschutz beinhaltet.<\/p>\n\n\n\n<h6 class=\"gb-headline gb-headline-826ab0dd gb-headline-text\"><strong>3.3. Reinigung<\/strong><\/h6>\n\n\n\n<p>Vor der Abreise muss eine gr\u00fcndliche Reinigung erfolgen. Geschieht dies nicht, sind wir gezwungen, eine Reinigungsgeb\u00fchr zu erheben. Hier gilt ein Mindestbetrag von 1.500 SEK. Einige Ferienh\u00e4user bieten die M\u00f6glichkeit, die Endreinigung zu erwerben, andere erfordern eine obligatorische Reinigung. Die Kosten hierf\u00fcr werden bei Ankunft direkt an den Vermieter gezahlt. Fragen Sie bei der Buchung, wenn Sie eine Reinigung bestellen wollen.<\/p>\n\n\n\n<h6 class=\"gb-headline gb-headline-c53700a8 gb-headline-text\"><strong>3.4. Verbrauch<\/strong><\/h6>\n\n\n\n<p>Der normale Strom- und Wasserverbrauch ist inbegriffen, es sei denn, es ist etwas anderes angegeben.<\/p>\n\n\n\n<h6 class=\"gb-headline gb-headline-78987f1f gb-headline-text\"><strong>3.5. Anzahl der G\u00e4ste<\/strong><\/h6>\n\n\n\n<p>Das Ferienhaus darf nur mit maximal der bei der Buchung angegebenen und im Mietvertrag angegebenen Personenzahl (einschlie\u00dflich Kindern jeden Alters) belegt werden. Wohnen mehr als die maximale Personenzahl im Ferienhaus oder haben Sie auf dem Grundst\u00fcck ein Zelt aufgestellt oder Wohnwagen abgestellt, haben wir und\/oder der Vermieter das Recht, die \u00fcberz\u00e4hligen Personen ohne Vorwarnung zum Verlassen des Ferienhauses aufzufordern. Wird der Bitte nicht nachgekommen, haben wir das Recht, den Vertrag zu k\u00fcndigen und alle Bewohner sind verpflichtet, das Ferienhaus ohne R\u00fcckerstattung zu verlassen.<\/p>\n\n\n\n<h6 class=\"gb-headline gb-headline-d89de35f gb-headline-text\"><strong>3.6. Der Standard und die Ausstattung des Ferienhauses<\/strong><\/h6>\n\n\n\n<p>Ein Ferienhaus ist oft einfacher als Ihr gew\u00f6hnliches Zuhause. Die M\u00f6bel sind m\u00f6glicherweise veraltet. Die Betten k\u00f6nnen einfacher sein. Wenn es wichtig ist, fragen Sie bei der Buchung nach, um welche Art von Betten es sich handelt. Die K\u00fcche ist nur f\u00fcr den normalen t\u00e4glichen Gebrauch ausgestattet. Geschirr und Besteck sind nicht immer von der gleichen Sorte. Kleiderschr\u00e4nke und Lagerm\u00f6glichkeiten sind m\u00f6glicherweise nur wenige oder gar nicht vorhanden. Der Zugang zu Wasser kann eingeschr\u00e4nkt sein. Es kann vorkommen, dass die Schlafzimmer keine T\u00fcren haben. Es kann ein Vorhang oder gar keine T\u00fcren sein. Matratzen, Decken und Kissen sind im Ferienhaus vorhanden. Bettw\u00e4sche und Handt\u00fccher m\u00fcssen mitgebracht werden, wenn in der Beschreibung nicht angegeben ist, dass sie gemietet werden k\u00f6nnen oder dass sie im Preis inbegriffen sind.<\/p>\n\n\n\n<h6 class=\"gb-headline gb-headline-1bb71dfd gb-headline-text\"><strong>3.7. Haustiere und Allergien<\/strong><\/h6>\n\n\n\n<p>Wenn in der Beschreibung \u201eHaustiere willkommen\u201c steht, bedeutet dies, dass 1 Haustier erlaubt ist. Wenn Sie mehr als ein Haustier mitbringen m\u00f6chten, ist dies nur mit Genehmigung des Vermieters m\u00f6glich. Das Rauchen ist nicht gestattet und die Ferienh\u00e4user sind nicht allergikerfreundlich.<\/p>\n\n\n\n<h6 class=\"gb-headline gb-headline-cddeed8b gb-headline-text\"><strong>3.8. Internet<\/strong><\/h6>\n\n\n\n<p>Internet kann im Ferienhaus bereitgestellt werden, wenn dies in der Ferienhausbeschreibung beschrieben ist. Der Zugriff unterliegt der Verf\u00fcgbarkeit und den Netzwerkbedingungen und kann nicht garantiert werden. Der Internetzugang muss in \u00dcbereinstimmung mit den einschl\u00e4gigen Gesetzen genutzt werden.<\/p>\n\n\n\n<h6 class=\"gb-headline gb-headline-8730733a gb-headline-text\"><strong>3.9. Boote<\/strong><\/h6>\n\n\n\n<p>Wenn ein Boot im Mietpreis enthalten ist, sind Sie f\u00fcr die ordnungsgem\u00e4\u00dfe Nutzung des Bootes verantwortlich. Bevor Sie ein Boot nutzen, m\u00fcssen Sie sich mit den geltenden Gesetzen und Vorschriften in der Region vertraut machen und diese sowie alle anderen Anweisungen von uns oder dem Vermieter befolgen. Weder wir noch der Hauseigent\u00fcmer k\u00f6nnen f\u00fcr Unf\u00e4lle, Sch\u00e4den oder Personensch\u00e4den im Zusammenhang mit der Nutzung eines Bootes haftbar gemacht werden.<\/p>\n\n\n\n<h6 class=\"gb-headline gb-headline-8e7a3f18 gb-headline-text\"><strong>3.10. Laden von Elektrofahrzeugen<\/strong><\/h6>\n\n\n\n<p>Das Laden von Elektrofahrzeugen ist nur gestattet, wenn das Ferienhaus mit einer Ladestation ausgestattet ist, da das Laden an einer Standardsteckdose zu \u00dcberhitzung, Sch\u00e4den an den Elektroinstallationen und m\u00f6glicherweise einem Brand f\u00fchren kann.<\/p>\n\n\n\n<h6 class=\"gb-headline gb-headline-5db0817a gb-headline-text\"><strong>3.11. Distanz<\/strong><\/h6>\n\n\n\n<p>Alle Entfernungsangaben sind Sch\u00e4tzungen und daher nicht exakt.<\/p>\n\n\n\n<h5 class=\"gb-headline gb-headline-18476684 gb-headline-text\"><strong>4. PREISE UND ZAHLUNGEN<\/strong><\/h5>\n\n\n\n<h6 class=\"gb-headline gb-headline-64e7c6b0 gb-headline-text\"><strong>4.1. <\/strong><\/h6>\n\n\n\n<p>Die Buchung der Mietobjekte ist mit der Zahlung der Anzahlung verbindlich.<strong>&nbsp;<\/strong><\/p>\n\n\n\n<h6 class=\"gb-headline gb-headline-c797ff0d gb-headline-text\"><strong>4.2. <\/strong><\/h6>\n\n\n\n<p>Wir senden Ihnen einen Mietvertrag per E-Mail, wenn Sie Ihre Unterkunft bei uns buchen. Der Mietvertrag enth\u00e4lt Zahlungsinformationen.<\/p>\n\n\n\n<h6 class=\"gb-headline gb-headline-5cac860d gb-headline-text\"><strong>4.3. Preise<\/strong><\/h6>\n\n\n\n<p>Unsere Preise sind in SEK angegeben und verstehen sich ohne Stornoschutz.&nbsp;<\/p>\n\n\n\n<h6 class=\"gb-headline gb-headline-a0a7fcd0 gb-headline-text\"><strong>4.4.<\/strong> <\/h6>\n\n\n\n<p><strong>F\u00fcr Buchungen, die mehr als 42 Tage vor Mietbeginn erfolgen <\/strong>gilt Folgendes:<\/p>\n\n\n\n<p>a) Die Teilzahlung von 25 % des Gesamtmietbetrages erfolgt sp\u00e4testens 10 Tage nach Erhalt der Buchungsbest\u00e4tigung und des Mietvertrages.<\/p>\n\n\n\n<p>b) Die Restzahlung von 75% des Gesamtmietbetrages muss uns sp\u00e4testens 6 Wochen vor Anreise vorliegen.<\/p>\n\n\n\n<h6 class=\"gb-headline gb-headline-cb49070a gb-headline-text\"><strong>4.5.<\/strong> <\/h6>\n\n\n\n<p><strong>F\u00fcr Buchungen, die weniger als 42 Tage vor Mietbeginn erfolgen <\/strong>gilt Folgendes:<\/p>\n\n\n\n<p>Der Gesamtmietbetrag ist sofort zu zahlen und muss sp\u00e4testens 1 Tag nach der Buchung bei uns eingehen.<\/p>\n\n\n\n<h6 class=\"gb-headline gb-headline-63526124 gb-headline-text\"><strong>4.6. Sp\u00e4te Zahlung<\/strong><\/h6>\n\n\n\n<p>Bitte zahlen Sie p\u00fcnktlich, andernfalls haben wir das Recht, vom Vertrag zur\u00fcckzutreten. Geben Sie bei allen Zahlungen bitte die Objektnummer und Ihren Namen an.<\/p>\n\n\n\n<h6 class=\"gb-headline gb-headline-b6b08def gb-headline-text\"><strong>4.7. Auslandszahlungen<\/strong><\/h6>\n\n\n\n<p>Wir bitten Sie um eine kostenfreie \u00dcberweisung. Alle durch eine Auslandszahlung entstehenden Zusatzkosten gehen zu Ihren Lasten.\u00a0<\/p>\n\n\n\n<h5 class=\"gb-headline gb-headline-29a750ea gb-headline-text\"><strong>5. STORNIERUNG<\/strong><\/h5>\n\n\n\n<p>Im Falle einer Stornierung zu irgendeinem Zeitpunkt erfolgt keine R\u00fcckerstattung.<\/p>\n\n\n\n<h5 class=\"gb-headline gb-headline-81df2ec5 gb-headline-text\"><strong>6. SCH\u00c4DEN<\/strong><\/h5>\n\n\n\n<p>W\u00e4hrend der Mietzeit haftet der Mieter f\u00fcr alle von ihm verursachten Sch\u00e4den und Verluste an der Mietsache. Der Mieter muss sich bei der Ankunft vergewissern, dass das Haus in gutem Zustand ist und andernfalls sofort nach der Ankunft eine schriftliche Beschwerde beim Vermieter mit Kopie an Lilla Huset in Sm\u00e5land einreichen.<\/p>\n\n\n\n<h5 class=\"gb-headline gb-headline-7168ae8f gb-headline-text\"><strong>7. FEHLER UND REKLAMATIONEN<\/strong><\/h5>\n\n\n\n<h6 class=\"gb-headline gb-headline-59edfa22 gb-headline-text\"><strong>7.1 Zustand des Hauses<\/strong><\/h6>\n\n\n\n<p>Lilla Huset in Sm\u00e5land ist f\u00fcr die Richtigkeit der Informationen auf der Website verantwortlich. Etwaige Schadensersatzanspr\u00fcche, die sich auf den Zustand des Hauses oder der Ausstattung des Ferienhauses (z. B. mangelhafte Reinigung, defekte Elektroger\u00e4te etc.) beziehen, k\u00f6nnen nur direkt gegen\u00fcber dem Vermieter geltend gemacht werden.<\/p>\n\n\n\n<h6 class=\"gb-headline gb-headline-9c0162c0 gb-headline-text\"><strong>7.2 Schadensersatzanspr\u00fcche<\/strong><\/h6>\n\n\n\n<p>S\u00e4mtliche Schadensersatzanspr\u00fcche m\u00fcssen sp\u00e4testens innerhalb von 2 Monaten nach Ende der Mietzeit gemeldet werden. Lilla Huset i Sm\u00e5land haftet nicht f\u00fcr indirekte Sch\u00e4den und Verluste und die maximale Haftung f\u00fcr Sch\u00e4den ist auf den gezahlten Mietbetrag beschr\u00e4nkt.<\/p>\n\n\n\n<h5 class=\"gb-headline gb-headline-38642a84 gb-headline-text\"><strong>8. H\u00d6HERE GEWALT<\/strong><\/h5>\n\n\n\n<p>Im Falle von Umst\u00e4nden, die zum Zeitpunkt des Vertragsabschlusses nicht vorhersehbar waren und die die Mietdauer infolge h\u00f6herer Gewalt gef\u00e4hrden oder verhindern (z. B. au\u00dfergew\u00f6hnliche Wetterbedingungen, Aussperrung, Unruhen, Krieg, Umweltverschmutzung, Epidemien usw., Pandemien und geschlossene Grenzen) kann Lilla Huset oder der Vermieter nicht haftbar gemacht werden und kommt auch f\u00fcr Schadensersatz nicht auf.<\/p>\n\n\n\n<h5 class=\"gb-headline gb-headline-a75c3a1c gb-headline-text\"><strong>9. ZUS\u00c4TZLICHE INFORMATIONEN<\/strong><\/h5>\n\n\n\n<p>Wir haben die Informationen auf unserer Website so genau wie m\u00f6glich bereitgestellt. Da es sich bei den Ferienh\u00e4usern um Privatbesitz handelt, k\u00f6nnen sich die Angaben \u00e4ndern. Wir sind f\u00fcr solche \u00c4nderungen nicht verantwortlich.<\/p>\n\n\n\n<h5 class=\"gb-headline gb-headline-f68130d9 gb-headline-text\"><strong>10. INTEGRIT\u00c4T<\/strong><\/h5>\n\n\n\n<p>Sehen Sie sich unsere an<a href=\"https:\/\/www.lillahuset.com\/de\/datenschutzrichtlinie\/\" data-type=\"page\" data-id=\"5399\"> Datenschutzrichtlinie<\/a> Darin wird erl\u00e4utert, wie wir Ihre personenbezogenen Daten verarbeiten. Indem Sie eine Buchung vornehmen und uns Ihre pers\u00f6nlichen Daten senden, erkl\u00e4ren Sie sich damit einverstanden, dass wir die Daten auf die in unserer Datenschutzerkl\u00e4rung angegebene Weise verwenden. Dazu geh\u00f6rt auch die Weitergabe Ihrer personenbezogenen Daten an den Vermieter zum Zweck der Buchungsabwicklung.<\/p>\n\n\n\n<p><\/p>\n\n\n\n<p><strong>\u00a9 Copyright Februar 2024<\/strong><\/p>","protected":false},"excerpt":{"rendered":"<p>MIETBEDINGUNGEN 1. EINLEITUNG Lilla Huset i Sm\u00e5land, Susanne Pilarp, H\u00f6rda 54, SE-34152 Lagan ist lediglich Vertragsvermittler zwischen Vermieter und Mieter. Die Verantwortung liegt\u2026 <a title=\"Mietbedingungen\" class=\"read-more\" href=\"https:\/\/www.lillahuset.com\/de\/hyresvillkor\/\" aria-label=\"Mehr Informationen \u00fcber Hyresvillkor\">Mehr lesen...<\/a><\/p>","protected":false},"author":1,"featured_media":0,"parent":0,"menu_order":0,"comment_status":"closed","ping_status":"closed","template":"","meta":{"_glsr_average":0,"_glsr_ranking":0,"_glsr_reviews":0,"footnotes":""},"class_list":["post-5402","page","type-page","status-publish"],"_links":{"self":[{"href":"https:\/\/www.lillahuset.com\/de\/wp-json\/wp\/v2\/pages\/5402","targetHints":{"allow":["GET"]}}],"collection":[{"href":"https:\/\/www.lillahuset.com\/de\/wp-json\/wp\/v2\/pages"}],"about":[{"href":"https:\/\/www.lillahuset.com\/de\/wp-json\/wp\/v2\/types\/page"}],"author":[{"embeddable":true,"href":"https:\/\/www.lillahuset.com\/de\/wp-json\/wp\/v2\/users\/1"}],"replies":[{"embeddable":true,"href":"https:\/\/www.lillahuset.com\/de\/wp-json\/wp\/v2\/comments?post=5402"}],"version-history":[{"count":0,"href":"https:\/\/www.lillahuset.com\/de\/wp-json\/wp\/v2\/pages\/5402\/revisions"}],"wp:attachment":[{"href":"https:\/\/www.lillahuset.com\/de\/wp-json\/wp\/v2\/media?parent=5402"}],"curies":[{"name":"wp","href":"https:\/\/api.w.org\/{rel}","templated":true}]}}