{"id":5399,"date":"2024-02-13T18:48:41","date_gmt":"2024-02-13T16:48:41","guid":{"rendered":"https:\/\/www.lillahuset.com\/?page_id=5399"},"modified":"2024-02-16T12:45:39","modified_gmt":"2024-02-16T10:45:39","slug":"datenschutzrichtlinie","status":"publish","type":"page","link":"https:\/\/www.lillahuset.com\/de\/integritetspolicy\/","title":{"rendered":"Datenschutzrichtlinie"},"content":{"rendered":"<h2 class=\"wp-block-heading\"><strong><\/strong><strong>\u00dcber unsere Datenschutzerkl\u00e4rung und uns<\/strong><\/h2>\n\n\n\n<p>In dieser Datenschutzrichtlinie wird erl\u00e4utert, wie Lilla Huset i Sm\u00e5land Ihre personenbezogenen Daten verarbeitet, wenn Sie \u00fcber uns eine Buchung oder Buchungsanfrage t\u00e4tigen, unsere Website besuchen, uns kontaktieren oder unsere Dienste nutzen.<\/p>\n\n\n\n<p>Der Verantwortliche f\u00fcr personenbezogene Daten ist:<\/p>\n\n\n\n<p>Lilla Huset i Sm\u00e5land<\/p>\n\n\n\n<p>H\u00f6rda 54, 341 52 Lagan<\/p>\n\n\n\n<p>Email: <a href=\"mailto:info@lillahuset.com\">info@lillahuset.com<\/a><\/p>\n\n\n\n<h3 class=\"gb-headline gb-headline-224bfbd4 gb-headline-text\"><strong>Welche personenbezogenen Daten wir verarbeiten und warum<\/strong><\/h3>\n\n\n\n<p>Wir verarbeiten personenbezogene Daten \u00fcber Sie nur dann, wenn wir sie ben\u00f6tigen. Dazu kann Folgendes geh\u00f6ren:<\/p>\n\n\n\n<ul class=\"wp-block-list\">\n<li><strong>pers\u00f6nliche Daten <\/strong>wie Ihr Name, Ihre Sozialversicherungsnummer, Ihre Kontaktdaten (Telefonnummer, E-Mail-Adresse und Privatadresse).<\/li>\n\n\n\n<li><strong>Einzelheiten zu den Zahlungen <\/strong>wie Zahlungen an und von Ihnen.<\/li>\n\n\n\n<li><strong>Buchungsdetails <\/strong>wie etwa \u00fcber uns gebuchte Unterk\u00fcnfte und Leistungen, Buchungsreferenzen und Reisedaten.<\/li>\n\n\n\n<li><strong>Kontakthistorie <\/strong>wie E-Mails, Briefe, Chats und Social-Media-Nachrichten an und von Ihnen.<\/li>\n\n\n\n<li><strong>Nutzungsinformationen <\/strong>wie IP-Adresse, Ger\u00e4tetyp, wie Sie unsere Website und E-Mails nutzen und mit ihnen interagieren. Weitere Informationen hierzu finden Sie in unserer Cookie-Richtlinie.<\/li>\n<\/ul>\n\n\n\n<p>Die Bereitstellung bestimmter personenbezogener Daten ist eine gesetzliche oder vertragliche Verpflichtung. Wenn Sie diese nicht bereitstellen, kann es sein, dass wir den Vertrag mit Ihnen nicht abschlie\u00dfen oder erf\u00fcllen k\u00f6nnen und daher Ihre Buchung stornieren kann. Wir werden Sie in diesem Fall informieren und \u00fcbernehmen keine Haftung Ihnen gegen\u00fcber.<\/p>\n\n\n\n<p>Wir erheben personenbezogene Daten grunds\u00e4tzlich direkt von Ihnen. Wenn Sie bei einer Buchung Informationen \u00fcber andere Personen angeben, gilt diese Datenschutzrichtlinie f\u00fcr alle personenbezogenen Daten, die Sie \u00fcber diese Personen angegeben haben, und Sie sollten sie auf diese Datenschutzrichtlinie aufmerksam machen.<\/p>\n\n\n\n<p>Abh\u00e4ngig davon, wie Sie mit uns interagieren, k\u00f6nnen wir Ihre personenbezogenen Daten f\u00fcr jeden der unten aufgef\u00fchrten Zwecke verwenden.<\/p>\n\n\n\n<figure class=\"wp-block-table\"><table><tbody><tr><td><strong>Der Zweck der Behandlung<\/strong><\/td><td><strong>Verwendete personenbezogene Daten<\/strong><\/td><td><strong>Rechtsgrundlage f\u00fcr die Verarbeitung<\/strong><\/td><\/tr><tr><td>Um es uns zu erm\u00f6glichen, Ihre Buchung oder damit verbundene Reisearrangements abzuschlie\u00dfen und zu verwalten, einschlie\u00dflich des Zahlungseingangs und der R\u00fcckerstattung.<\/td><td>Pers\u00f6nliche Daten Zahlungsdaten<\/td><td>Vereinbarung Zustimmung<\/td><\/tr><tr><td>F\u00fchren Sie Aufzeichnungen \u00fcber alle Finanztransaktionen bei sich.<\/td><td>Zahlungsinformationen<\/td><td>Rechtliche Verpflichtung<\/td><\/tr><tr><td>Wir bitten Sie, eine Bewertung zu unseren Dienstleistungen abzugeben.<\/td><td>Pers\u00f6nliche Daten Buchungsdaten<\/td><td>Berechtigtes Interesse daran, Informationen \u00fcber die Erfahrung unseres Unternehmens zu erhalten und unsere Dienstleistungen zu verbessern<\/td><\/tr><tr><td>Senden Sie Servicenachrichten, einschlie\u00dflich Buchungsaktualisierungen und \u00c4nderungen unserer Gesch\u00e4ftsbedingungen.<\/td><td>pers\u00f6nliche Daten &nbsp;<\/td><td>Vereinbarung: Berechtigtes Interesse, unsere Kunden auf dem Laufenden zu halten<\/td><\/tr><tr><td>Geben Sie Daten oder Informationen an, die Sie m\u00f6glicherweise angefordert haben.<\/td><td>pers\u00f6nliche Daten<\/td><td>Zustimmung<\/td><\/tr><tr><td>\u00dcberwachen Sie unsere Website, einschlie\u00dflich ihrer Leistung und Sicherheit, und analysieren Sie, sofern zul\u00e4ssig, das Verhalten der Besucher unserer Website, damit wir unsere Website sch\u00fctzen und verbessern k\u00f6nnen.<\/td><td>Nutzungsinformationen<\/td><td>Einwilligung Berechtigtes Interesse an der Wahrung der Privatsph\u00e4re und Sicherheit unserer Website und der Bereitstellung des besten Surferlebnisses<\/td><\/tr><tr><td>Aus rechtlichen Gr\u00fcnden. Dazu geh\u00f6rt die Verwaltung rechtlicher Anspr\u00fcche, die Sicherstellung der Einhaltung unserer Buchungsbedingungen und anderer Vereinbarungen, die Einhaltung beh\u00f6rdlicher Empfehlungen, gesetzlicher Anforderungen und rechtlicher Verpflichtungen sowie die Aufdeckung, Verhinderung und Meldung von Straftaten.<\/td><td>Alle Daten<\/td><td>Rechtliche Verpflichtung: Berechtigtes Interesse am Schutz unseres Unternehmens und an der Unterst\u00fctzung von Strafverfolgungs- und Regierungsbeh\u00f6rden<\/td><\/tr><\/tbody><\/table><\/figure>\n\n\n\n<h3 class=\"gb-headline gb-headline-85098475 gb-headline-text\"><strong><\/strong><strong>Weitergabe Ihrer Daten au\u00dferhalb von Lilla Huset in Sm\u00e5land<\/strong><\/h3>\n\n\n\n<p>Um unsere Dienstleistungen effektiv erbringen und unser Gesch\u00e4ft betreiben zu k\u00f6nnen, k\u00f6nnen wir Ihre personenbezogenen Daten weitergeben an:<\/p>\n\n\n\n<ul class=\"wp-block-list\">\n<li>Eigent\u00fcmer oder Vermittler der von Ihnen gebuchten Unterkunft, ggf. einschlie\u00dflich deren Dienstleister wie Hausmeister und Schl\u00fcsselhalter (dazu k\u00f6nnen ggf. Ihre Telefonnummer, E-Mail-Adresse und Wohnadresse im Zusammenhang mit der Buchung geh\u00f6ren)<\/li>\n\n\n\n<li>Dienstleister, die als Verarbeiter personenbezogener Daten fungieren und Dienstleistungen in den Bereichen IT, Systemadministration, Webhosting sowie Support und Marketing erbringen.<\/li>\n\n\n\n<li>Zahlungsdienstleister<\/li>\n<\/ul>\n\n\n\n<p>Dritte m\u00fcssen Ihre personenbezogenen Daten im Einklang mit den Datenschutzgesetzen verarbeiten. Wenn ein Dritter in unserem Namen handelt, gestatten wir ihm nicht, Ihre Daten f\u00fcr eigene Zwecke zu verwenden, und stellen sicher, dass er \u00fcber angemessene Sicherheitsma\u00dfnahmen zum Schutz Ihrer Daten verf\u00fcgt.<\/p>\n\n\n\n<h3 class=\"gb-headline gb-headline-86b4452f gb-headline-text\"><strong><\/strong><strong>Wie lange wir Ihre Daten aufbewahren<\/strong><\/h3>\n\n\n\n<p>Wir werden Ihre Daten nur so lange aufbewahren, wie es aufgrund der Menge, Art und Sensibilit\u00e4t der personenbezogenen Daten, des m\u00f6glichen Schadensrisikos durch unbefugte Nutzung oder Offenlegung Ihrer personenbezogenen Daten, der Zwecke, f\u00fcr die wir Ihre personenbezogenen Daten verarbeiten, erforderlich ist. alle gesetzlichen oder beh\u00f6rdlichen Anforderungen und alle relevanten Industriestandards oder Richtlinien. Wenn Ihre Daten nicht mehr ben\u00f6tigt werden, werden sie entsorgt oder sicher gel\u00f6scht oder anonymisiert, sodass sie nicht mehr mit Ihnen verkn\u00fcpft werden k\u00f6nnen.<\/p>\n\n\n\n<h3 class=\"gb-headline gb-headline-4e865e5f gb-headline-text\"><strong><\/strong><strong>Deine Rechte<\/strong><\/h3>\n\n\n\n<p>Unter bestimmten Umst\u00e4nden haben Sie das Recht, Folgendes zu tun:<\/p>\n\n\n\n<ul class=\"wp-block-list\">\n<li><strong>Anfrage Zugang<\/strong> eine Kopie der personenbezogenen Daten zu erhalten, die wir \u00fcber Sie gespeichert haben (allgemein als \"Antrag auf Zugang zu den Daten\" bekannt).<\/li>\n\n\n\n<li><strong>Bitten Sie uns, falsche oder unvollst\u00e4ndige Informationen zu korrigieren<\/strong> personenbezogene Daten \u00fcber Sie, die wir haben. Denken Sie daran, dass Sie Ihre Kontaktdaten \u00fcber \u201eMein Konto\u201c aktualisieren k\u00f6nnen.<\/li>\n\n\n\n<li><strong>Fordern Sie die L\u00f6schung an<\/strong> Ihre personenbezogenen Daten zu l\u00f6schen, wenn es f\u00fcr uns keinen triftigen Grund gibt, sie weiter zu verarbeiten (allgemein bekannt als das \"Recht auf Vergessenwerden\").<\/li>\n\n\n\n<li><strong>Widersprechen Sie der Nutzung Ihrer Daten durch uns<\/strong> f\u00fcr Direktmarketing oder unter bestimmten Umst\u00e4nden zur Wahrung berechtigter Interessen.<\/li>\n\n\n\n<li><strong>Einschr\u00e4nkung beantragen<\/strong> der Verarbeitung Ihrer personenbezogenen Daten. Auf diese Weise k\u00f6nnen Sie verlangen, dass wir die Art und Weise, wie wir Ihre personenbezogenen Daten verarbeiten, einschr\u00e4nken, beispielsweise wenn Sie Zweifel an der Richtigkeit der Informationen haben, die wir \u00fcber Sie gespeichert haben.<\/li>\n\n\n\n<li><strong>Fordern Sie Datenportabilit\u00e4t an<\/strong>Dabei \u00fcbermitteln wir die personenbezogenen Daten, die Sie uns bereitgestellt haben, entweder direkt an Sie oder an Dritte.<\/li>\n\n\n\n<li><strong>Widerrufen Sie Ihre Einwilligung<\/strong> wenn wir uns bei der Verarbeitung Ihrer Daten auf Ihre Einwilligung verlassen.<\/li>\n<\/ul>\n\n\n\n<p>M\u00f6glicherweise m\u00fcssen wir Informationen von Ihnen anfordern, um Ihre Identit\u00e4t zu best\u00e4tigen und die Informationen zu identifizieren, auf die Sie sich beziehen.<\/p>\n\n\n\n<p>Wenn Sie eines dieser Rechte aus\u00fcben m\u00f6chten, kontaktieren Sie uns bitte. Unser Ziel ist es, Anfragen innerhalb eines Monats zu beantworten. Sie haben auch das Recht, sich an die schwedische Datenschutzbeh\u00f6rde zu wenden und eine Beschwerde einzureichen, wenn Sie mit der Verarbeitung Ihrer personenbezogenen Daten durch uns nicht einverstanden sind und der Meinung sind, dass wir diese nicht ordnungsgem\u00e4\u00df verarbeiten. Weitere Informationen finden Sie auf der Website der Datenschutzbeh\u00f6rde www.imy.se.<\/p>\n\n\n\n<h3 class=\"gb-headline gb-headline-5df84be2 gb-headline-text\"><strong>Bei Fragen<\/strong><\/h3>\n\n\n\n<p>Wenn Sie Fragen zu dieser Datenschutzerkl\u00e4rung haben, kontaktieren Sie uns bitte per E-Mail unter <a href=\"mailto:info@lillahuset.com\">info@lillahuset.com<\/a>.<\/p>","protected":false},"excerpt":{"rendered":"<p>\u00dcber unsere Datenschutzrichtlinie und uns Diese Datenschutzrichtlinie erl\u00e4utert, wie Lilla Huset i Sm\u00e5land Ihre pers\u00f6nlichen Daten verarbeitet, wenn Sie eine Buchung vornehmen oder... <a title=\"Datenschutzrichtlinie\" class=\"read-more\" href=\"https:\/\/www.lillahuset.com\/de\/integritetspolicy\/\" aria-label=\"Weitere Informationen zum Datenschutz\">Mehr lesen...<\/a><\/p>","protected":false},"author":1,"featured_media":0,"parent":0,"menu_order":0,"comment_status":"closed","ping_status":"closed","template":"","meta":{"_glsr_average":0,"_glsr_ranking":0,"_glsr_reviews":0,"footnotes":""},"class_list":["post-5399","page","type-page","status-publish"],"_links":{"self":[{"href":"https:\/\/www.lillahuset.com\/de\/wp-json\/wp\/v2\/pages\/5399","targetHints":{"allow":["GET"]}}],"collection":[{"href":"https:\/\/www.lillahuset.com\/de\/wp-json\/wp\/v2\/pages"}],"about":[{"href":"https:\/\/www.lillahuset.com\/de\/wp-json\/wp\/v2\/types\/page"}],"author":[{"embeddable":true,"href":"https:\/\/www.lillahuset.com\/de\/wp-json\/wp\/v2\/users\/1"}],"replies":[{"embeddable":true,"href":"https:\/\/www.lillahuset.com\/de\/wp-json\/wp\/v2\/comments?post=5399"}],"version-history":[{"count":0,"href":"https:\/\/www.lillahuset.com\/de\/wp-json\/wp\/v2\/pages\/5399\/revisions"}],"wp:attachment":[{"href":"https:\/\/www.lillahuset.com\/de\/wp-json\/wp\/v2\/media?parent=5399"}],"curies":[{"name":"wp","href":"https:\/\/api.w.org\/{rel}","templated":true}]}}