{"id":4496,"date":"2023-07-05T10:26:23","date_gmt":"2023-07-05T10:26:23","guid":{"rendered":"https:\/\/www.lillahuset.com\/?page_id=4496"},"modified":"2025-02-05T09:55:25","modified_gmt":"2025-02-05T07:55:25","slug":"susannes-kunstlich-hergestelltes-lamm","status":"publish","type":"page","link":"https:\/\/www.lillahuset.com\/de\/susannes-narproducerade-lamm\/","title":{"rendered":"Susannes N\u00e4rproducerade Lamm"},"content":{"rendered":"<div class=\"gb-container gb-container-5deb5034\">\n<div class=\"gb-container gb-container-1745ed13\">\n<div class=\"gb-grid-wrapper gb-grid-wrapper-e1dc665b\">\n<div class=\"gb-grid-column gb-grid-column-15509c86\"><div class=\"gb-container gb-container-15509c86\"><div class=\"gb-inside-container\">\n\n<h2 class=\"gb-headline gb-headline-39e25962 gb-headline-text\">Lokal produziertes Lamm- und Kalbfleisch<\/h2>\n\n\n\n<p>Das Wichtigste f\u00fcr mich ist, dass es den Tieren hier auf dem Bauernhof gut geht. Sie werden hier im Paradies geboren und sollen auch am Ende keinem Stress ausgesetzt sein. Deshalb distanziere ich mich von gro\u00dfen Schlachth\u00f6fen und fahre sie lieber mit der Pferdekutsche zu einem \u00f6rtlichen Schlachthof, dem ich vertraue und von dem ich wei\u00df, dass alles reibungslos verl\u00e4uft. Sie werden am selben Morgen geschlachtet, an dem ich mit den Tieren ankomme, und vermischen sich nicht mit anderen Herden, sondern bleiben in ihrer kleinen Gruppe. Eine Woche sp\u00e4ter hole ich das Fleisch ab und dann ist es geschnitten, vakuumverpackt und etikettiert.   <\/p>\n\n\n\n<p>Kalbfleisch ist anatomisch geschnitten und besteht aus einer Mischung verschiedener Teilst\u00fccke, wie Lende, Rippenst\u00fcck, Innenschenkel und Hackfleisch. Das Fleisch ist ohne Knochen, mit Ausnahme der Kalbslende, die die Hauptzutat f\u00fcr das klassische Gericht Osso Buco ist. Die Kalbfleischboxen wiegen zwischen 15 und 20 kg und kosten 229 SEK\/kg einschlie\u00dflich Lieferung nach Hause im Umkreis von 50 km von Ljungby. Im Moment gibt es keine ganzen Kalbfleischboxen zu kaufen, aber einzelne Teile sind in der Tiefk\u00fchltruhe erh\u00e4ltlich! <\/p>\n\n\n\n<p><\/p>\n\n\n\n<p>Das n\u00e4chste Mal wird es im Herbst 2025 m\u00f6glich sein, Lammfleisch zu bestellen, und es bleibt Ihnen \u00fcberlassen, wie Sie das Lammfleisch zerlegen m\u00f6chten. Es gibt verschiedene M\u00f6glichkeiten, aber die g\u00e4ngigste ist, Koteletts aus dem ganzen R\u00fccken oder 1\/2 R\u00fccken und Racks zu machen. Der Preis liegt bei 188,- SEK\/kg und hier z\u00e4hlt das Schlachtgewicht. Ein Lamm wiegt normalerweise ca. 16-25 kg. Momentan gibt es keine ganzen Lammkisten zu kaufen, aber einzelne Teile sind in der Tiefk\u00fchltruhe erh\u00e4ltlich!<\/p>\n\n\n\n<p><\/p>\n\n\n\n<p><\/p>\n\n<\/div><\/div><\/div>\n\n<div class=\"gb-grid-column gb-grid-column-e9732a3e\"><div class=\"gb-container gb-container-e9732a3e\"><div class=\"gb-inside-container\">\n\n<figure class=\"wp-block-image size-full photo-shadow img\"><img loading=\"lazy\" decoding=\"async\" width=\"600\" height=\"450\" src=\"https:\/\/www.lillahuset.com\/wp-content\/uploads\/2023\/07\/Lamm-edited.webp\" alt=\"\" class=\"wp-image-4502\" srcset=\"https:\/\/www.lillahuset.com\/wp-content\/uploads\/2023\/07\/Lamm-edited.webp 600w, https:\/\/www.lillahuset.com\/wp-content\/uploads\/2023\/07\/Lamm-edited-300x225.webp 300w\" sizes=\"auto, (max-width: 600px) 100vw, 600px\" \/><\/figure>\n\n<\/div><\/div><\/div>\n<\/div>\n<\/div>\n<\/div>\n\n<div class=\"gb-container gb-container-d34d9402\">\n<div class=\"gb-container gb-container-b14d44cc\">\n<div class=\"gb-grid-wrapper gb-grid-wrapper-e28cb10a\">\n<div class=\"gb-grid-column gb-grid-column-cee09b95\"><div class=\"gb-container gb-container-cee09b95\"><div class=\"gb-inside-container\">\n\n<figure class=\"wp-block-image size-full photo-shadow img\"><img loading=\"lazy\" decoding=\"async\" width=\"600\" height=\"800\" src=\"https:\/\/www.lillahuset.com\/wp-content\/uploads\/2023\/07\/Susannes-Narproducerade-Lamm.webp\" alt=\"\" class=\"wp-image-4500\" srcset=\"https:\/\/www.lillahuset.com\/wp-content\/uploads\/2023\/07\/Susannes-Narproducerade-Lamm.webp 600w, https:\/\/www.lillahuset.com\/wp-content\/uploads\/2023\/07\/Susannes-Narproducerade-Lamm-225x300.webp 225w\" sizes=\"auto, (max-width: 600px) 100vw, 600px\" \/><\/figure>\n\n<\/div><\/div><\/div>\n\n<div class=\"gb-grid-column gb-grid-column-48af07dd\"><div class=\"gb-container gb-container-48af07dd\"><div class=\"gb-inside-container\">\n\n<h3 class=\"gb-headline gb-headline-bdf9b07e gb-headline-text\">Lammfell von meinen Gotlandschafen <\/h3>\n\n\n<div class=\"gb-container gb-container-69a375d9\">\n\n<p class=\"gb-headline gb-headline-f79a36fc gb-headline-text\">Ein Lamm- oder Schafsfell kostet zwischen 1800 - 2500 kr. je nach Bezug und Gr\u00f6\u00dfe. Ich verkaufe zum Beispiel auf. H\u00f6rda Weihnachtsmarkt, Lagan Tag im September jedes Jahr und auf der Lingonrundan.  <\/p>\n\n<\/div>\n\n\n<h4 class=\"gb-headline gb-headline-3688f97b gb-headline-text\">Vorbereitung des Lammfells<\/h4>\n\n\n\n<p class=\"gb-headline gb-headline-d7867883 gb-headline-text\">Ich salze die H\u00e4ute nach der Schlachtung und fahre sie dann nach Tran\u00e5s, wo sie in der Fellaufbereitungsanlage von Tran\u00e5s verarbeitet werden. F\u00fcr mich ist es wichtig, dass sie in Schweden zubereitet werden, auch wenn die Zubereitung selbst teurer ist. Der Prozess selbst dauert ziemlich lange, daher versuche ich normalerweise, ein Jahr voraus zu sein. Die Felle sind waschbar. Es ist sch\u00f6n, immer einen kleinen Vorrat an Lammfellen zu haben, falls jemand auf dem Hof vorbeikommt und ein Fell kaufen m\u00f6chte. <\/p>\n\n\n\n<p class=\"gb-headline gb-headline-cee16206 gb-headline-text\">Wenn Sie m\u00f6chten, dass ich Bilder der verschiedenen Felle schicke, ist das kein Problem. Sie k\u00f6nnen bar oder per Swish bezahlen und ich kann das Fell auch liefern, wenn Sie nicht zu weit entfernt wohnen. <\/p>\n\n\n\n<h4 class=\"gb-headline gb-headline-7e6cd2b4 gb-headline-text\">Kommende M\u00e4rkte: <\/h4>\n\n\n\n<p class=\"gb-headline gb-headline-883f8824 gb-headline-text\">Heard Weihnachtsmarkt Dezember 2025<\/p>\n\n\n\n<p class=\"gb-headline gb-headline-099caeec gb-headline-text\"> <br><\/p>\n\n<\/div><\/div><\/div>\n<\/div>\n<\/div>\n<\/div>\n\n<div class=\"gb-container gb-container-6233f2c0\">\n<div class=\"gb-grid-wrapper gb-grid-wrapper-eae23830\">\n<div class=\"gb-grid-column gb-grid-column-c9fb2356\"><div class=\"gb-container gb-container-c9fb2356\"><div class=\"gb-inside-container\">\n\n<h2 class=\"gb-headline gb-headline-688edddf gb-headline-text\">Lammfelle und Lammfleisch von lokal produzierten Tieren<\/h2>\n\n\n\n<p> F\u00fcr die Vorbereitung der Felle beauftrage ich Tran\u00e5s Skinnberederi aufgrund ihrer langj\u00e4hrigen Erfahrung und ihres fundierten Wissens. Die Lederaufbereitung und das Gerben erfordern Geschick, Sorgfalt und Gesp\u00fcr f\u00fcr das Material, und ich denke, das zeigt sich darin. <\/p>\n\n\n\n<p>Beim Schlachten beauftrage ich Sjunkar\u00f6d Sk\u00e5nska K\u00f6tt &amp; Vilt, weil ich ihnen vertraue und die Kunden mit dem Fleisch und der vakuumverpackten und etikettierten Lieferung zufrieden sind. Sjunkar\u00f6d stellt vom Umgang mit den Tieren bis zum fertigen Produkt hohe Anspr\u00fcche an Ethik und Qualit\u00e4t. Eine gute Aufzucht der Tiere, ein ruhiger und w\u00fcrdevoller Umgang sowie eine stressfreie Schlachtung sind wichtige Punkte und daher eine selbstverst\u00e4ndliche Wahl f\u00fcr Sie. <\/p>\n\n<\/div><\/div><\/div>\n\n<div class=\"gb-grid-column gb-grid-column-04d54b21\"><div class=\"gb-container gb-container-04d54b21\"><div class=\"gb-inside-container\">\n\n<figure class=\"wp-block-image size-full photo-shadow img\"><img loading=\"lazy\" decoding=\"async\" width=\"600\" height=\"450\" src=\"https:\/\/www.lillahuset.com\/wp-content\/uploads\/2023\/07\/Lammkott-edited.webp\" alt=\"\" class=\"wp-image-4506\" srcset=\"https:\/\/www.lillahuset.com\/wp-content\/uploads\/2023\/07\/Lammkott-edited.webp 600w, https:\/\/www.lillahuset.com\/wp-content\/uploads\/2023\/07\/Lammkott-edited-300x225.webp 300w\" sizes=\"auto, (max-width: 600px) 100vw, 600px\" \/><\/figure>\n\n<\/div><\/div><\/div>\n<\/div>\n<\/div>\n\n\n<div style=\"height:100px\" aria-hidden=\"true\" class=\"wp-block-spacer\"><\/div>\n\n\n<div class=\"gb-container gb-container-fd1ede25\">\n<div class=\"gb-container gb-container-9ae9208e\">\n\n<figure class=\"wp-block-gallery has-nested-images columns-default is-cropped wp-block-gallery-1 is-layout-flex wp-block-gallery-is-layout-flex\">\n<figure class=\"wp-block-image size-large\"><img loading=\"lazy\" decoding=\"async\" width=\"768\" height=\"1024\" data-id=\"4535\" src=\"https:\/\/www.lillahuset.com\/wp-content\/uploads\/2023\/07\/susannes-narproducerade-lamm-skinn4-768x1024.webp\" alt=\"\" class=\"wp-image-4535\" srcset=\"https:\/\/www.lillahuset.com\/wp-content\/uploads\/2023\/07\/susannes-narproducerade-lamm-skinn4-768x1024.webp 768w, https:\/\/www.lillahuset.com\/wp-content\/uploads\/2023\/07\/susannes-narproducerade-lamm-skinn4-225x300.webp 225w, https:\/\/www.lillahuset.com\/wp-content\/uploads\/2023\/07\/susannes-narproducerade-lamm-skinn4-1152x1536.webp 1152w, https:\/\/www.lillahuset.com\/wp-content\/uploads\/2023\/07\/susannes-narproducerade-lamm-skinn4-600x800.webp 600w, https:\/\/www.lillahuset.com\/wp-content\/uploads\/2023\/07\/susannes-narproducerade-lamm-skinn4.webp 1512w\" sizes=\"auto, (max-width: 768px) 100vw, 768px\" \/><\/figure>\n\n\n\n<figure class=\"wp-block-image size-large\"><img loading=\"lazy\" decoding=\"async\" width=\"540\" height=\"675\" data-id=\"4520\" src=\"https:\/\/www.lillahuset.com\/wp-content\/uploads\/2023\/07\/far.webp\" alt=\"\" class=\"wp-image-4520\" srcset=\"https:\/\/www.lillahuset.com\/wp-content\/uploads\/2023\/07\/far.webp 540w, https:\/\/www.lillahuset.com\/wp-content\/uploads\/2023\/07\/far-240x300.webp 240w\" sizes=\"auto, (max-width: 540px) 100vw, 540px\" \/><\/figure>\n\n\n\n<figure class=\"wp-block-image size-large\"><img loading=\"lazy\" decoding=\"async\" width=\"769\" height=\"1024\" data-id=\"4564\" src=\"https:\/\/www.lillahuset.com\/wp-content\/uploads\/2023\/07\/ko2-769x1024.webp\" alt=\"\" class=\"wp-image-4564\" srcset=\"https:\/\/www.lillahuset.com\/wp-content\/uploads\/2023\/07\/ko2-769x1024.webp 769w, https:\/\/www.lillahuset.com\/wp-content\/uploads\/2023\/07\/ko2-225x300.webp 225w, https:\/\/www.lillahuset.com\/wp-content\/uploads\/2023\/07\/ko2-768x1022.webp 768w, https:\/\/www.lillahuset.com\/wp-content\/uploads\/2023\/07\/ko2-1154x1536.webp 1154w, https:\/\/www.lillahuset.com\/wp-content\/uploads\/2023\/07\/ko2-600x799.webp 600w, https:\/\/www.lillahuset.com\/wp-content\/uploads\/2023\/07\/ko2.webp 1160w\" sizes=\"auto, (max-width: 769px) 100vw, 769px\" \/><\/figure>\n<\/figure>\n\n<\/div>\n<\/div>\n\n<div class=\"gb-container gb-container-08d7c84b\"><\/div>","protected":false},"excerpt":{"rendered":"","protected":false},"author":1,"featured_media":0,"parent":0,"menu_order":0,"comment_status":"closed","ping_status":"closed","template":"","meta":{"_glsr_average":0,"_glsr_ranking":0,"_glsr_reviews":0,"footnotes":""},"class_list":["post-4496","page","type-page","status-publish"],"_links":{"self":[{"href":"https:\/\/www.lillahuset.com\/de\/wp-json\/wp\/v2\/pages\/4496","targetHints":{"allow":["GET"]}}],"collection":[{"href":"https:\/\/www.lillahuset.com\/de\/wp-json\/wp\/v2\/pages"}],"about":[{"href":"https:\/\/www.lillahuset.com\/de\/wp-json\/wp\/v2\/types\/page"}],"author":[{"embeddable":true,"href":"https:\/\/www.lillahuset.com\/de\/wp-json\/wp\/v2\/users\/1"}],"replies":[{"embeddable":true,"href":"https:\/\/www.lillahuset.com\/de\/wp-json\/wp\/v2\/comments?post=4496"}],"version-history":[{"count":1,"href":"https:\/\/www.lillahuset.com\/de\/wp-json\/wp\/v2\/pages\/4496\/revisions"}],"predecessor-version":[{"id":6397,"href":"https:\/\/www.lillahuset.com\/de\/wp-json\/wp\/v2\/pages\/4496\/revisions\/6397"}],"wp:attachment":[{"href":"https:\/\/www.lillahuset.com\/de\/wp-json\/wp\/v2\/media?parent=4496"}],"curies":[{"name":"wp","href":"https:\/\/api.w.org\/{rel}","templated":true}]}}