{"id":3589,"date":"2021-01-30T19:30:13","date_gmt":"2021-01-30T19:30:13","guid":{"rendered":"https:\/\/gpsites.co\/shop\/?page_id=3589"},"modified":"2025-08-25T11:11:40","modified_gmt":"2025-08-25T09:11:40","slug":"kontakt","status":"publish","type":"page","link":"https:\/\/www.lillahuset.com\/de\/kontakt\/","title":{"rendered":"Nehmen Sie Kontakt mit uns auf"},"content":{"rendered":"<div style=\"height:100px\" aria-hidden=\"true\" class=\"wp-block-spacer\"><\/div>\n\n\n<div class=\"gb-container gb-container-85e1c4bf\">\n<div class=\"gb-container gb-container-c0b0da65\">\n<div class=\"gb-grid-wrapper gb-grid-wrapper-f46c3a4b\">\n<div class=\"gb-grid-column gb-grid-column-0a145ba3\"><div class=\"gb-container gb-container-0a145ba3\">\n\n<h2 class=\"gb-headline gb-headline-d2b3a680 gb-headline-text\">Wir freuen uns, von Ihnen zu h\u00f6ren<\/h2>\n\n\n\n<p>Vielleicht sind Sie daran interessiert, eines unserer Ferienh\u00e4user zu mieten und haben Fragen zum Ferienhaus oder zu Ihrem Aufenthalt?<\/p>\n\n\n\n<p>Vielleicht m\u00f6chten Sie ein \"Fj\u00e4lln\u00e4ra\" F\u00e4rsenkalb bekommen oder brauchen einen Bullen f\u00fcr die Zucht?<\/p>\n\n\n\n<p>W\u00e4hrend des Sommers k\u00f6nnen Sie bei mir Lammfleisch f\u00fcr den Herbst vorbestellen, w\u00e4hrend Lammfelle das ganze Jahr \u00fcber auf dem Hof erh\u00e4ltlich sind.<\/p>\n\n\n\n<p>Was auch immer Ihre Frage ist, Sie k\u00f6nnen sich gerne an mich, Susanne Pilarp, wenden, die Lilla Huset i Sm\u00e5land und Susannes N\u00e4rproducerade Lamm leitet.<\/p>\n\n\n\n<p class=\"gb-headline gb-headline-0fb9d4f1\"><span class=\"gb-icon\"><svg xmlns=\"http:\/\/www.w3.org\/2000\/svg\" viewbox=\"0 0 20 24\"><path d=\"M10 24c-.2 0-.4-.1-.6-.2C9.1 23.6 0 17.4 0 10 0 4.5 4.5 0 10 0s10 4.5 10 10c0 7.4-9.1 13.6-9.4 13.8-.2.1-.4.2-.6.2zm0-22c-4.4 0-8 3.6-8 8 0 5.4 6.1 10.4 8 11.8 1.9-1.4 8-6.4 8-11.8 0-4.4-3.6-8-8-8z\"><\/path><path d=\"M10 14c-2.2 0-4-1.8-4-4s1.8-4 4-4 4 1.8 4 4-1.8 4-4 4zm0-6c-1.1 0-2 .9-2 2s.9 2 2 2 2-.9 2-2-.9-2-2-2z\"><\/path><\/svg><\/span><span class=\"gb-headline-text\">Lilla Huset i Sm\u00e5land<br>H\u00f6rda 54<br>341 52 Lagan<br>Schweden<\/span><\/p>\n\n\n\n<p class=\"gb-headline gb-headline-1a69ec77\"><span class=\"gb-icon\"><svg xmlns=\"http:\/\/www.w3.org\/2000\/svg\" viewbox=\"0 0 16 22\"><path d=\"M13 22H3c-1.7 0-3-1.3-3-3V3c0-1.7 1.3-3 3-3h10c1.7 0 3 1.3 3 3v16c0 1.7-1.3 3-3 3zM3 2c-.6 0-1 .4-1 1v16c0 .6.4 1 1 1h10c.6 0 1-.4 1-1V3c0-.6-.4-1-1-1H3z\"><\/path><path d=\"M8 18c-.6 0-1-.4-1-1s.4-1 1-1 1 .4 1 1-.4 1-1 1z\"><\/path><\/svg><\/span><span class=\"gb-headline-text\">+46 (0)738 13 40 74<br>info@lillahuset.com<\/span><\/p>\n\n\n\n<p><\/p>\n\n<\/div><\/div>\n\n<div class=\"gb-grid-column gb-grid-column-0001ad77\"><div class=\"gb-container gb-container-0001ad77\">\n\n<figure class=\"gb-block-image gb-block-image-ea71ddb4\"><img loading=\"lazy\" decoding=\"async\" width=\"1512\" height=\"2016\" class=\"gb-image gb-image-ea71ddb4\" src=\"https:\/\/www.lillahuset.com\/wp-content\/uploads\/2023\/07\/susanne-presentation5.webp\" alt=\"\" title=\"Susanne Pr\u00e4sentation5\" srcset=\"https:\/\/www.lillahuset.com\/wp-content\/uploads\/2023\/07\/susanne-presentation5.webp 1512w, https:\/\/www.lillahuset.com\/wp-content\/uploads\/2023\/07\/susanne-presentation5-225x300.webp 225w, https:\/\/www.lillahuset.com\/wp-content\/uploads\/2023\/07\/susanne-presentation5-768x1024.webp 768w, https:\/\/www.lillahuset.com\/wp-content\/uploads\/2023\/07\/susanne-presentation5-1152x1536.webp 1152w, https:\/\/www.lillahuset.com\/wp-content\/uploads\/2023\/07\/susanne-presentation5-600x800.webp 600w\" sizes=\"auto, (max-width: 1512px) 100vw, 1512px\" \/><\/figure>\n\n<\/div><\/div>\n<\/div>\n<\/div>\n<\/div>\n\n\n<div style=\"height:100px\" aria-hidden=\"true\" class=\"wp-block-spacer\"><\/div>","protected":false},"excerpt":{"rendered":"","protected":false},"author":1,"featured_media":0,"parent":0,"menu_order":0,"comment_status":"closed","ping_status":"closed","template":"","meta":{"_glsr_average":0,"_glsr_ranking":0,"_glsr_reviews":0,"footnotes":""},"class_list":["post-3589","page","type-page","status-publish"],"_links":{"self":[{"href":"https:\/\/www.lillahuset.com\/de\/wp-json\/wp\/v2\/pages\/3589","targetHints":{"allow":["GET"]}}],"collection":[{"href":"https:\/\/www.lillahuset.com\/de\/wp-json\/wp\/v2\/pages"}],"about":[{"href":"https:\/\/www.lillahuset.com\/de\/wp-json\/wp\/v2\/types\/page"}],"author":[{"embeddable":true,"href":"https:\/\/www.lillahuset.com\/de\/wp-json\/wp\/v2\/users\/1"}],"replies":[{"embeddable":true,"href":"https:\/\/www.lillahuset.com\/de\/wp-json\/wp\/v2\/comments?post=3589"}],"version-history":[{"count":1,"href":"https:\/\/www.lillahuset.com\/de\/wp-json\/wp\/v2\/pages\/3589\/revisions"}],"predecessor-version":[{"id":6640,"href":"https:\/\/www.lillahuset.com\/de\/wp-json\/wp\/v2\/pages\/3589\/revisions\/6640"}],"wp:attachment":[{"href":"https:\/\/www.lillahuset.com\/de\/wp-json\/wp\/v2\/media?parent=3589"}],"curies":[{"name":"wp","href":"https:\/\/api.w.org\/{rel}","templated":true}]}}